{"id":35,"date":"2026-03-13T11:13:10","date_gmt":"2026-03-13T11:13:10","guid":{"rendered":"https:\/\/fumassastore.pt\/?page_id=35"},"modified":"2026-04-30T10:16:23","modified_gmt":"2026-04-30T10:16:23","slug":"inicio","status":"publish","type":"page","link":"https:\/\/fumassastore.pt\/","title":{"rendered":"In\u00edcio"},"content":{"rendered":"\n<div class=\"wp-block-cover alignfull is-light has-custom-content-position is-position-center-left wp-duotone-unset-1\" style=\"min-height:916px;aspect-ratio:unset;\"><img loading=\"lazy\" decoding=\"async\" width=\"1280\" height=\"477\" class=\"wp-block-cover__image-background wp-image-282 size-full\" alt=\"\" src=\"https:\/\/fumassastore.pt\/wp-content\/uploads\/2026\/04\/Untitled-2.jpg\" data-object-fit=\"cover\" srcset=\"https:\/\/fumassastore.pt\/wp-content\/uploads\/2026\/04\/Untitled-2.jpg 1280w, https:\/\/fumassastore.pt\/wp-content\/uploads\/2026\/04\/Untitled-2-300x112.jpg 300w, https:\/\/fumassastore.pt\/wp-content\/uploads\/2026\/04\/Untitled-2-1024x382.jpg 1024w, https:\/\/fumassastore.pt\/wp-content\/uploads\/2026\/04\/Untitled-2-768x286.jpg 768w, https:\/\/fumassastore.pt\/wp-content\/uploads\/2026\/04\/Untitled-2-600x224.jpg 600w\" sizes=\"auto, (max-width: 1280px) 100vw, 1280px\" \/><span aria-hidden=\"true\" class=\"wp-block-cover__background has-background-dim-0 has-background-dim\" style=\"background-color:#e8e2df\"><\/span><div class=\"wp-block-cover__inner-container is-layout-constrained wp-block-cover-is-layout-constrained\">\n<p class=\"has-text-align-left has-ast-global-color-4-color has-text-color has-link-color has-x-large-font-size wp-elements-ccad1f9b383c967d0fd0da40030d899c\"><\/p>\n\n\n\n<p class=\"has-text-align-center has-ast-global-color-2-color has-text-color has-link-color has-large-font-size wp-elements-cc2b6f5ff6aed635aaafb4b2189a4605\"><strong>Personaliza\u00e7\u00f5es<\/strong><br><strong>de impress\u00e3o t\u00eaxtil<\/strong><br><strong>e brindes <\/strong><strong>para Empresas<\/strong><\/p>\n\n\n\n<p class=\"has-text-align-center has-ast-global-color-2-color has-text-color has-link-color has-medium-font-size wp-elements-d6f31742a14bedc61e3eab5c7a97e25a\"><em>Mais de 30 anos de experi\u00eancia<\/em><br><em>a ajudar empresas a destacar<\/em><br><em><strong>a sua marca<\/strong><\/em><\/p>\n<\/div><\/div>\n\n\n\n<div class=\"wp-block-buttons is-content-justification-center is-layout-flex wp-container-core-buttons-is-layout-098cc607 wp-block-buttons-is-layout-flex\">\n<div class=\"wp-block-button\"><a class=\"wp-block-button__link wp-element-button\">Pe\u00e7a o seu or\u00e7amento<\/a><\/div>\n<\/div>\n\n\n\n<div class=\"wp-block-columns is-layout-flex wp-container-core-columns-is-layout-28f84493 wp-block-columns-is-layout-flex\">\n<div class=\"wp-block-column is-layout-flow wp-block-column-is-layout-flow\">\n<p class=\"has-text-align-center\"><strong>Serigrafia<\/strong><\/p>\n\n\n\n<p class=\"has-text-align-center\">Impress\u00e3o profissional em t-shirts, hoodies e vestu\u00e1rio promocional com alta qualidade e durabilidade.<\/p>\n<\/div>\n\n\n\n<div class=\"wp-block-column is-layout-flow wp-block-column-is-layout-flow\">\n<p class=\"has-text-align-center\"><strong>Fardamento Personalizado<\/strong><\/p>\n\n\n\n<p class=\"has-text-align-center\">Uniformes personalizados<br>para empresas, equipas e eventos.<\/p>\n<\/div>\n\n\n\n<div class=\"wp-block-column is-layout-flow wp-block-column-is-layout-flow\">\n<p class=\"has-text-align-center\"><strong>Brindes e Grava\u00e7\u00e3o a Laser<\/strong><\/p>\n\n\n\n<p class=\"has-text-align-center\">Brindes promocionais personalizados<br>para destacar a sua marca.<\/p>\n<\/div>\n<\/div>\n\n\n\n<p class=\"has-text-align-center has-large-font-size\"><strong>Mais de 30 anos de experi\u00eancia<\/strong><\/p>\n\n\n\n<p class=\"has-text-align-center has-luminous-vivid-orange-color has-text-color has-link-color has-x-large-font-size wp-elements-8d60d2d2fd758d82c1beef7279ae1a3f\"><strong>Empresas que confiam na Fumassa<\/strong><\/p>\n\n\n\n<div class=\"wp-block-columns is-layout-flex wp-container-core-columns-is-layout-28f84493 wp-block-columns-is-layout-flex\">\n<div class=\"wp-block-column is-layout-flow wp-block-column-is-layout-flow\">\n<figure class=\"wp-block-image aligncenter size-full is-resized\"><img loading=\"lazy\" decoding=\"async\" width=\"512\" height=\"185\" src=\"https:\/\/fumassastore.pt\/wp-content\/uploads\/2026\/04\/mondejo-logo.png\" alt=\"\" class=\"wp-image-172\" style=\"width:221px;height:auto\" srcset=\"https:\/\/fumassastore.pt\/wp-content\/uploads\/2026\/04\/mondejo-logo.png 512w, https:\/\/fumassastore.pt\/wp-content\/uploads\/2026\/04\/mondejo-logo-300x108.png 300w\" sizes=\"auto, (max-width: 512px) 100vw, 512px\" \/><\/figure>\n<\/div>\n\n\n\n<div class=\"wp-block-column is-layout-flow wp-block-column-is-layout-flow\">\n<figure class=\"wp-block-image aligncenter size-full is-resized\"><img loading=\"lazy\" decoding=\"async\" width=\"1200\" height=\"377\" src=\"https:\/\/fumassastore.pt\/wp-content\/uploads\/2026\/04\/intermarche-1.png\" alt=\"\" class=\"wp-image-177\" style=\"aspect-ratio:3.9474329770457333;width:320px;height:auto\" srcset=\"https:\/\/fumassastore.pt\/wp-content\/uploads\/2026\/04\/intermarche-1.png 1200w, https:\/\/fumassastore.pt\/wp-content\/uploads\/2026\/04\/intermarche-1-300x94.png 300w, https:\/\/fumassastore.pt\/wp-content\/uploads\/2026\/04\/intermarche-1-1024x322.png 1024w, https:\/\/fumassastore.pt\/wp-content\/uploads\/2026\/04\/intermarche-1-768x241.png 768w, https:\/\/fumassastore.pt\/wp-content\/uploads\/2026\/04\/intermarche-1-600x189.png 600w\" sizes=\"auto, (max-width: 1200px) 100vw, 1200px\" \/><\/figure>\n<\/div>\n\n\n\n<div class=\"wp-block-column is-layout-flow wp-block-column-is-layout-flow\">\n<figure class=\"wp-block-image aligncenter size-full is-resized\"><img loading=\"lazy\" decoding=\"async\" width=\"180\" height=\"56\" src=\"https:\/\/fumassastore.pt\/wp-content\/uploads\/2026\/04\/images-1.jpg\" alt=\"\" class=\"wp-image-217\" style=\"aspect-ratio:2.763154666993745;width:252px;height:auto\"\/><\/figure>\n<\/div>\n<\/div>\n\n\n\n<div class=\"wp-block-columns is-layout-flex wp-container-core-columns-is-layout-28f84493 wp-block-columns-is-layout-flex\">\n<div class=\"wp-block-column is-layout-flow wp-block-column-is-layout-flow\">\n<figure class=\"wp-block-image aligncenter size-full is-resized\"><img loading=\"lazy\" decoding=\"async\" width=\"200\" height=\"113\" src=\"https:\/\/fumassastore.pt\/wp-content\/uploads\/2026\/04\/a48_logo-1.jpg\" alt=\"\" class=\"wp-image-213\" style=\"aspect-ratio:1.7700615726254163;width:198px;height:auto\"\/><\/figure>\n<\/div>\n\n\n\n<div class=\"wp-block-column is-layout-flow wp-block-column-is-layout-flow\">\n<figure class=\"wp-block-image aligncenter size-large is-resized\"><img loading=\"lazy\" decoding=\"async\" width=\"1024\" height=\"1024\" src=\"https:\/\/fumassastore.pt\/wp-content\/uploads\/2026\/04\/WhatsApp-Image-2026-04-28-at-11.08.17-1024x1024.jpeg\" alt=\"\" class=\"wp-image-215\" style=\"width:131px;height:auto\" srcset=\"https:\/\/fumassastore.pt\/wp-content\/uploads\/2026\/04\/WhatsApp-Image-2026-04-28-at-11.08.17-1024x1024.jpeg 1024w, https:\/\/fumassastore.pt\/wp-content\/uploads\/2026\/04\/WhatsApp-Image-2026-04-28-at-11.08.17-300x300.jpeg 300w, https:\/\/fumassastore.pt\/wp-content\/uploads\/2026\/04\/WhatsApp-Image-2026-04-28-at-11.08.17-150x150.jpeg 150w, https:\/\/fumassastore.pt\/wp-content\/uploads\/2026\/04\/WhatsApp-Image-2026-04-28-at-11.08.17-768x768.jpeg 768w, https:\/\/fumassastore.pt\/wp-content\/uploads\/2026\/04\/WhatsApp-Image-2026-04-28-at-11.08.17-600x600.jpeg 600w, https:\/\/fumassastore.pt\/wp-content\/uploads\/2026\/04\/WhatsApp-Image-2026-04-28-at-11.08.17-100x100.jpeg 100w, https:\/\/fumassastore.pt\/wp-content\/uploads\/2026\/04\/WhatsApp-Image-2026-04-28-at-11.08.17.jpeg 1500w\" sizes=\"auto, (max-width: 1024px) 100vw, 1024px\" \/><\/figure>\n<\/div>\n\n\n\n<div class=\"wp-block-column is-layout-flow wp-block-column-is-layout-flow\">\n<figure class=\"wp-block-gallery has-nested-images columns-default is-cropped wp-block-gallery-2 is-layout-flex wp-block-gallery-is-layout-flex\">\n<figure class=\"wp-block-image size-large is-resized\"><img loading=\"lazy\" decoding=\"async\" width=\"1024\" height=\"303\" data-id=\"211\" src=\"https:\/\/fumassastore.pt\/wp-content\/uploads\/2026\/04\/Leais-Oliveira-1024x303.webp\" alt=\"\" class=\"wp-image-211\" style=\"width:314px;height:auto\" srcset=\"https:\/\/fumassastore.pt\/wp-content\/uploads\/2026\/04\/Leais-Oliveira-1024x303.webp 1024w, https:\/\/fumassastore.pt\/wp-content\/uploads\/2026\/04\/Leais-Oliveira-300x89.webp 300w, https:\/\/fumassastore.pt\/wp-content\/uploads\/2026\/04\/Leais-Oliveira-768x227.webp 768w, https:\/\/fumassastore.pt\/wp-content\/uploads\/2026\/04\/Leais-Oliveira-1536x454.webp 1536w, https:\/\/fumassastore.pt\/wp-content\/uploads\/2026\/04\/Leais-Oliveira-600x178.webp 600w, https:\/\/fumassastore.pt\/wp-content\/uploads\/2026\/04\/Leais-Oliveira.webp 1920w\" sizes=\"auto, (max-width: 1024px) 100vw, 1024px\" \/><\/figure>\n<\/figure>\n<\/div>\n<\/div>\n\n\n\n<p class=\"has-text-align-center\">A Fumassa Store \u00e9 especialista em serigrafia, impress\u00e3o t\u00eaxtil,<br>fardamento personalizado e brindes empresariais.<\/p>\n\n\n\n<p class=\"has-text-align-center\">Ajudamos empresas a comunicar melhor a sua marca<br>atrav\u00e9s de produtos personalizados de alta qualidade.<\/p>\n\n\n\n<div class=\"wp-block-columns is-layout-flex wp-container-core-columns-is-layout-28f84493 wp-block-columns-is-layout-flex\">\n<div class=\"wp-block-column is-layout-flow wp-block-column-is-layout-flow\">\n<figure class=\"wp-block-image size-large\"><img loading=\"lazy\" decoding=\"async\" width=\"1024\" height=\"683\" src=\"https:\/\/fumassastore.pt\/wp-content\/uploads\/2026\/03\/ChatGPT-Image-13_03_2026-12_47_35-1024x683.png\" alt=\"\" class=\"wp-image-45\" srcset=\"https:\/\/fumassastore.pt\/wp-content\/uploads\/2026\/03\/ChatGPT-Image-13_03_2026-12_47_35-1024x683.png 1024w, https:\/\/fumassastore.pt\/wp-content\/uploads\/2026\/03\/ChatGPT-Image-13_03_2026-12_47_35-300x200.png 300w, https:\/\/fumassastore.pt\/wp-content\/uploads\/2026\/03\/ChatGPT-Image-13_03_2026-12_47_35-768x512.png 768w, https:\/\/fumassastore.pt\/wp-content\/uploads\/2026\/03\/ChatGPT-Image-13_03_2026-12_47_35-600x400.png 600w, https:\/\/fumassastore.pt\/wp-content\/uploads\/2026\/03\/ChatGPT-Image-13_03_2026-12_47_35.png 1536w\" sizes=\"auto, (max-width: 1024px) 100vw, 1024px\" \/><\/figure>\n<\/div>\n\n\n\n<div class=\"wp-block-column is-layout-flow wp-block-column-is-layout-flow\">\n<figure class=\"wp-block-image size-large\"><img loading=\"lazy\" decoding=\"async\" width=\"1024\" height=\"686\" src=\"https:\/\/fumassastore.pt\/wp-content\/uploads\/2026\/03\/fardamento-1024x686.png\" alt=\"\" class=\"wp-image-46\" srcset=\"https:\/\/fumassastore.pt\/wp-content\/uploads\/2026\/03\/fardamento-1024x686.png 1024w, https:\/\/fumassastore.pt\/wp-content\/uploads\/2026\/03\/fardamento-300x201.png 300w, https:\/\/fumassastore.pt\/wp-content\/uploads\/2026\/03\/fardamento-768x515.png 768w, https:\/\/fumassastore.pt\/wp-content\/uploads\/2026\/03\/fardamento-600x402.png 600w, https:\/\/fumassastore.pt\/wp-content\/uploads\/2026\/03\/fardamento.png 1194w\" sizes=\"auto, (max-width: 1024px) 100vw, 1024px\" \/><\/figure>\n<\/div>\n\n\n\n<div class=\"wp-block-column is-layout-flow wp-block-column-is-layout-flow\">\n<figure class=\"wp-block-image size-large\"><img loading=\"lazy\" decoding=\"async\" width=\"1024\" height=\"683\" src=\"https:\/\/fumassastore.pt\/wp-content\/uploads\/2026\/03\/brindes-1024x683.png\" alt=\"\" class=\"wp-image-47\" srcset=\"https:\/\/fumassastore.pt\/wp-content\/uploads\/2026\/03\/brindes-1024x683.png 1024w, https:\/\/fumassastore.pt\/wp-content\/uploads\/2026\/03\/brindes-300x200.png 300w, https:\/\/fumassastore.pt\/wp-content\/uploads\/2026\/03\/brindes-768x512.png 768w, https:\/\/fumassastore.pt\/wp-content\/uploads\/2026\/03\/brindes-600x400.png 600w, https:\/\/fumassastore.pt\/wp-content\/uploads\/2026\/03\/brindes.png 1536w\" sizes=\"auto, (max-width: 1024px) 100vw, 1024px\" \/><\/figure>\n<\/div>\n<\/div>\n\n\n\n<div class=\"wp-block-buttons is-content-justification-center is-layout-flex wp-container-core-buttons-is-layout-a89b3969 wp-block-buttons-is-layout-flex\">\n<div class=\"wp-block-button\"><a class=\"wp-block-button__link wp-element-button\" href=\"https:\/\/fumassastore.pt\/index.php\/contactos\/\">Fale connosco!<\/a><\/div>\n<\/div>\n\n\n\n<figure class=\"wp-block-image aligncenter size-large is-resized\"><img loading=\"lazy\" decoding=\"async\" width=\"1024\" height=\"366\" src=\"https:\/\/fumassastore.pt\/wp-content\/uploads\/2026\/03\/imagem2site-1024x366.png\" alt=\"\" class=\"wp-image-56\" style=\"width:1118px;height:auto\" srcset=\"https:\/\/fumassastore.pt\/wp-content\/uploads\/2026\/03\/imagem2site-1024x366.png 1024w, https:\/\/fumassastore.pt\/wp-content\/uploads\/2026\/03\/imagem2site-300x107.png 300w, https:\/\/fumassastore.pt\/wp-content\/uploads\/2026\/03\/imagem2site-768x274.png 768w, https:\/\/fumassastore.pt\/wp-content\/uploads\/2026\/03\/imagem2site-1536x549.png 1536w, https:\/\/fumassastore.pt\/wp-content\/uploads\/2026\/03\/imagem2site-600x214.png 600w, https:\/\/fumassastore.pt\/wp-content\/uploads\/2026\/03\/imagem2site.png 1648w\" sizes=\"auto, (max-width: 1024px) 100vw, 1024px\" \/><\/figure>\n\n\n\n<p><\/p>\n","protected":false},"excerpt":{"rendered":"<p>Serigrafia Impress\u00e3o profissional em t-shirts, hoodies e vestu\u00e1rio promocional com alta qualidade e durabilidade. Fardamento Personalizado Uniformes personalizadospara empresas, equipas [&hellip;]<\/p>\n","protected":false},"author":1,"featured_media":0,"parent":0,"menu_order":0,"comment_status":"closed","ping_status":"closed","template":"","meta":{"site-sidebar-layout":"default","site-content-layout":"","ast-site-content-layout":"default","site-content-style":"default","site-sidebar-style":"default","ast-global-header-display":"","ast-banner-title-visibility":"","ast-main-header-display":"","ast-hfb-above-header-display":"","ast-hfb-below-header-display":"","ast-hfb-mobile-header-display":"","site-post-title":"disabled","ast-breadcrumbs-content":"","ast-featured-img":"","footer-sml-layout":"","ast-disable-related-posts":"","theme-transparent-header-meta":"","adv-header-id-meta":"","stick-header-meta":"","header-above-stick-meta":"","header-main-stick-meta":"","header-below-stick-meta":"","astra-migrate-meta-layouts":"default","ast-page-background-enabled":"default","ast-page-background-meta":{"desktop":{"background-color":"var(--ast-global-color-5)","background-image":"","background-repeat":"repeat","background-position":"center center","background-size":"auto","background-attachment":"scroll","background-type":"","background-media":"","overlay-type":"","overlay-color":"","overlay-opacity":"","overlay-gradient":""},"tablet":{"background-color":"","background-image":"","background-repeat":"repeat","background-position":"center center","background-size":"auto","background-attachment":"scroll","background-type":"","background-media":"","overlay-type":"","overlay-color":"","overlay-opacity":"","overlay-gradient":""},"mobile":{"background-color":"","background-image":"","background-repeat":"repeat","background-position":"center center","background-size":"auto","background-attachment":"scroll","background-type":"","background-media":"","overlay-type":"","overlay-color":"","overlay-opacity":"","overlay-gradient":""}},"ast-content-background-meta":{"desktop":{"background-color":"var(--ast-global-color-4)","background-image":"","background-repeat":"repeat","background-position":"center center","background-size":"auto","background-attachment":"scroll","background-type":"","background-media":"","overlay-type":"","overlay-color":"","overlay-opacity":"","overlay-gradient":""},"tablet":{"background-color":"var(--ast-global-color-4)","background-image":"","background-repeat":"repeat","background-position":"center center","background-size":"auto","background-attachment":"scroll","background-type":"","background-media":"","overlay-type":"","overlay-color":"","overlay-opacity":"","overlay-gradient":""},"mobile":{"background-color":"var(--ast-global-color-4)","background-image":"","background-repeat":"repeat","background-position":"center center","background-size":"auto","background-attachment":"scroll","background-type":"","background-media":"","overlay-type":"","overlay-color":"","overlay-opacity":"","overlay-gradient":""}},"footnotes":""},"class_list":["post-35","page","type-page","status-publish","hentry"],"_links":{"self":[{"href":"https:\/\/fumassastore.pt\/index.php\/wp-json\/wp\/v2\/pages\/35","targetHints":{"allow":["GET"]}}],"collection":[{"href":"https:\/\/fumassastore.pt\/index.php\/wp-json\/wp\/v2\/pages"}],"about":[{"href":"https:\/\/fumassastore.pt\/index.php\/wp-json\/wp\/v2\/types\/page"}],"author":[{"embeddable":true,"href":"https:\/\/fumassastore.pt\/index.php\/wp-json\/wp\/v2\/users\/1"}],"replies":[{"embeddable":true,"href":"https:\/\/fumassastore.pt\/index.php\/wp-json\/wp\/v2\/comments?post=35"}],"version-history":[{"count":21,"href":"https:\/\/fumassastore.pt\/index.php\/wp-json\/wp\/v2\/pages\/35\/revisions"}],"predecessor-version":[{"id":283,"href":"https:\/\/fumassastore.pt\/index.php\/wp-json\/wp\/v2\/pages\/35\/revisions\/283"}],"wp:attachment":[{"href":"https:\/\/fumassastore.pt\/index.php\/wp-json\/wp\/v2\/media?parent=35"}],"curies":[{"name":"wp","href":"https:\/\/api.w.org\/{rel}","templated":true}]}}