{"id":25,"date":"2026-03-13T10:55:00","date_gmt":"2026-03-13T10:55:00","guid":{"rendered":"https:\/\/fumassastore.pt\/?page_id=25"},"modified":"2026-03-13T10:55:00","modified_gmt":"2026-03-13T10:55:00","slug":"politica-de-cookies","status":"publish","type":"page","link":"https:\/\/fumassastore.pt\/index.php\/politica-de-cookies\/","title":{"rendered":"Pol\u00edtica de Cookies"},"content":{"rendered":"\n<p>O website fumassastore.pt utiliza cookies para melhorar a experi\u00eancia de navega\u00e7\u00e3o dos utilizadores.<\/p>\n\n\n\n<h3 class=\"wp-block-heading\">O que s\u00e3o cookies<\/h3>\n\n\n\n<p>Cookies s\u00e3o pequenos ficheiros de texto armazenados no dispositivo do utilizador quando visita um website.<\/p>\n\n\n\n<h3 class=\"wp-block-heading\">Para que servem<\/h3>\n\n\n\n<p>Os cookies permitem:<\/p>\n\n\n\n<ul class=\"wp-block-list\">\n<li>melhorar o funcionamento do website<\/li>\n\n\n\n<li>analisar o tr\u00e1fego do site<\/li>\n\n\n\n<li>memorizar prefer\u00eancias do utilizador<\/li>\n<\/ul>\n\n\n\n<h3 class=\"wp-block-heading\">Tipos de cookies utilizados<\/h3>\n\n\n\n<p>Podemos utilizar:<\/p>\n\n\n\n<ul class=\"wp-block-list\">\n<li>cookies essenciais (necess\u00e1rios para o funcionamento do site)<\/li>\n\n\n\n<li>cookies de desempenho<\/li>\n\n\n\n<li>cookies de an\u00e1lise estat\u00edstica<\/li>\n<\/ul>\n\n\n\n<h3 class=\"wp-block-heading\">Gest\u00e3o de cookies<\/h3>\n\n\n\n<p>O utilizador pode desativar ou eliminar cookies atrav\u00e9s das configura\u00e7\u00f5es do seu navegador.<\/p>\n\n\n\n<p>No entanto, isso poder\u00e1 afetar o funcionamento de algumas funcionalidades do website.<\/p>\n","protected":false},"excerpt":{"rendered":"<p>O website fumassastore.pt utiliza cookies para melhorar a experi\u00eancia de navega\u00e7\u00e3o dos utilizadores. O que s\u00e3o cookies Cookies s\u00e3o pequenos [&hellip;]<\/p>\n","protected":false},"author":1,"featured_media":0,"parent":0,"menu_order":0,"comment_status":"closed","ping_status":"closed","template":"","meta":{"site-sidebar-layout":"default","site-content-layout":"","ast-site-content-layout":"default","site-content-style":"default","site-sidebar-style":"default","ast-global-header-display":"","ast-banner-title-visibility":"","ast-main-header-display":"","ast-hfb-above-header-display":"","ast-hfb-below-header-display":"","ast-hfb-mobile-header-display":"","site-post-title":"","ast-breadcrumbs-content":"","ast-featured-img":"","footer-sml-layout":"","ast-disable-related-posts":"","theme-transparent-header-meta":"","adv-header-id-meta":"","stick-header-meta":"","header-above-stick-meta":"","header-main-stick-meta":"","header-below-stick-meta":"","astra-migrate-meta-layouts":"default","ast-page-background-enabled":"default","ast-page-background-meta":{"desktop":{"background-color":"var(--ast-global-color-5)","background-image":"","background-repeat":"repeat","background-position":"center center","background-size":"auto","background-attachment":"scroll","background-type":"","background-media":"","overlay-type":"","overlay-color":"","overlay-opacity":"","overlay-gradient":""},"tablet":{"background-color":"","background-image":"","background-repeat":"repeat","background-position":"center center","background-size":"auto","background-attachment":"scroll","background-type":"","background-media":"","overlay-type":"","overlay-color":"","overlay-opacity":"","overlay-gradient":""},"mobile":{"background-color":"","background-image":"","background-repeat":"repeat","background-position":"center center","background-size":"auto","background-attachment":"scroll","background-type":"","background-media":"","overlay-type":"","overlay-color":"","overlay-opacity":"","overlay-gradient":""}},"ast-content-background-meta":{"desktop":{"background-color":"var(--ast-global-color-4)","background-image":"","background-repeat":"repeat","background-position":"center center","background-size":"auto","background-attachment":"scroll","background-type":"","background-media":"","overlay-type":"","overlay-color":"","overlay-opacity":"","overlay-gradient":""},"tablet":{"background-color":"var(--ast-global-color-4)","background-image":"","background-repeat":"repeat","background-position":"center center","background-size":"auto","background-attachment":"scroll","background-type":"","background-media":"","overlay-type":"","overlay-color":"","overlay-opacity":"","overlay-gradient":""},"mobile":{"background-color":"var(--ast-global-color-4)","background-image":"","background-repeat":"repeat","background-position":"center center","background-size":"auto","background-attachment":"scroll","background-type":"","background-media":"","overlay-type":"","overlay-color":"","overlay-opacity":"","overlay-gradient":""}},"footnotes":""},"class_list":["post-25","page","type-page","status-publish","hentry"],"_links":{"self":[{"href":"https:\/\/fumassastore.pt\/index.php\/wp-json\/wp\/v2\/pages\/25","targetHints":{"allow":["GET"]}}],"collection":[{"href":"https:\/\/fumassastore.pt\/index.php\/wp-json\/wp\/v2\/pages"}],"about":[{"href":"https:\/\/fumassastore.pt\/index.php\/wp-json\/wp\/v2\/types\/page"}],"author":[{"embeddable":true,"href":"https:\/\/fumassastore.pt\/index.php\/wp-json\/wp\/v2\/users\/1"}],"replies":[{"embeddable":true,"href":"https:\/\/fumassastore.pt\/index.php\/wp-json\/wp\/v2\/comments?post=25"}],"version-history":[{"count":1,"href":"https:\/\/fumassastore.pt\/index.php\/wp-json\/wp\/v2\/pages\/25\/revisions"}],"predecessor-version":[{"id":26,"href":"https:\/\/fumassastore.pt\/index.php\/wp-json\/wp\/v2\/pages\/25\/revisions\/26"}],"wp:attachment":[{"href":"https:\/\/fumassastore.pt\/index.php\/wp-json\/wp\/v2\/media?parent=25"}],"curies":[{"name":"wp","href":"https:\/\/api.w.org\/{rel}","templated":true}]}}